{"id":459,"date":"2023-07-04T13:06:18","date_gmt":"2023-07-04T13:06:18","guid":{"rendered":"https:\/\/www.beppetex.it\/?page_id=459"},"modified":"2023-07-04T14:22:48","modified_gmt":"2023-07-04T14:22:48","slug":"privacy-policy","status":"publish","type":"page","link":"https:\/\/www.beppetex.it\/en\/privacy-policy\/","title":{"rendered":"Privacy Policy"},"content":{"rendered":"<section class=\"l-section wpb_row us_custom_79a35237 height_auto width_full\"><div class=\"l-section-h i-cf\"><div class=\"g-cols vc_row via_grid cols_1 laptops-cols_inherit tablets-cols_inherit mobiles-cols_1 valign_top type_default stacking_default\"><div class=\"wpb_column vc_column_container\"><div class=\"vc_column-inner\"><div class=\"w-separator size_custom\" style=\"height:30vh\"><\/div><\/div><\/div><\/div><\/div><\/section><section class=\"l-section wpb_row height_medium\"><div class=\"l-section-h i-cf\"><div class=\"g-cols vc_row via_grid cols_1 laptops-cols_inherit tablets-cols_inherit mobiles-cols_1 valign_top type_default stacking_default\"><div class=\"wpb_column vc_column_container\"><div class=\"vc_column-inner\"><h1 class=\"w-text us_custom_5bee0bae has_text_color\"><span class=\"w-text-h\"><span class=\"w-text-value\">Privacy policy<\/span><\/span><\/h1><div class=\"wpb_text_column\"><div class=\"wpb_wrapper\"><p>INFORMAZIONI CIRCA IL TRATTAMENTO DEI DATI PERSONALI DEGLI UTENTI CHE CONSULTANO IL SITO:<a href=\"https:\/\/www.beppetex.it\/\">https:\/\/www.beppetex.it\/<\/a>, AI SENSI DELL\u2019ART. 13 DEL REGOLAMENTO UE N. 679\/2016.<br \/>\nTITOLARE DEL TRATTAMENTO \u00c8:<br \/>\nBEPPETEX S.R.L.<br \/>\nVia Opifici Valle n. 6<br \/>\n20154 \u2013 Fagnano Olona (VA)<br \/>\nE-mail: info@beppetex.it<br \/>\nPec: beppetexsrl@certimprese.it<\/p>\n<p><strong>BASE GIURIDICA DEL TRATTAMENTO:<\/strong><br \/>\ni dati personali raccolti mediante la navigazione sul presente sito sono trattati dal Titolare in quanto necessari alla gestione e buon funzionamento del sito stesso.<br \/>\nBeppetex S.r.l. comprende e condivide l\u2019importanza di tutelare e rispettare la riservatezza degli utenti del sito, pertanto, i dati personali, eventualmente acquisiti a seguito della navigazione, saranno trattati nel rispetto della normativa applicabile in materia (REG. UE n. 679\/2016 e D.Lgs 196\/2003, cos\u00ec come modificato dal D.Lgs 101\/2018).<\/p>\n<p><strong>TIPOLOGIA DEI DATI TRATTATI E FINALIT\u00c0 DEL TRATTAMENTO:<\/strong><br \/>\ni dati Personali saranno trattati da Beppetex S.r.l., mediante modalit\u00e0 elettroniche e nella propria qualit\u00e0 di Titolare del Trattamento, per le sole finalit\u00e0 connesse alla consultazione del presente sito web.<br \/>\nI sistemi informatici e le procedure software preposte al funzionamento del sito acquisiranno, nel corso del loro normale esercizio, alcuni dati personali la cui trasmissione \u00e8 implicita nell\u2019uso dei protocolli di comunicazione di Internet (indirizzi IP, i nomi a dominio dei terminali utilizzati dagli utenti ecc.).<br \/>\nOgni trattamento effettuato sar\u00e0 da considerarsi legittimo e necessario al fine di assicurare un servizio in efficienza, che risponda alle aspettative dell\u2019utente finale.I dati, necessari per la migliore interazione con il presente sito web, potranno essere trattati, anche, allo scopo di ottenere informazioni statistiche sull\u2019uso dei servizi (es: pagine pi\u00f9 visitate; numero di visitatori per fascia oraria o giornaliera, aree geografiche di provenienza ecc.), oppure, al solo fine di verificare il corretto funzionamento dell\u2019applicativo medesimo.<br \/>\nSi segnala che i dati, relativi alla navigazione svolta dall\u2019utente, non permarranno per pi\u00f9 del tempo necessario a garantire il corretto funzionamento del sito (salve eventuali necessita di accertamento da parte dell\u2019Autorit\u00e0 giudiziaria) e, in ogni caso, saranno conservati, con riguardo a tempi e modi, in conformit\u00e0 agli obblighi previsti per legge; trascorso tale periodo, saranno cancellati e\/o anonimizzati.<\/p>\n<p><strong>DESTINATARI DEI DATI:<\/strong><br \/>\npotranno essere \u201cdestinatari\u201d dei dati raccolti, a seguito di attivit\u00e0 di consultazione del sito web, i soggetti designati, ai sensi dell\u2019art. 28 del Reg. UE 679\/16 quali Responsabili del Trattamento, per lo svolgimento di attivit\u00e0 tecniche, di implementazione, di sviluppo e migliore gestione operativa delle piattaforme tecnologiche impiegate.I dati personali raccolti potranno essere altres\u00ec trattati dal Personale del Titolare del trattamento (Beppetex S.r.l.), che agir\u00e0 sulla base di specifiche istruzioni e norme di comportamento fornite in ordine a finalit\u00e0 e modalit\u00e0 del trattamento medesimo.<\/p>\n<p><strong>COOKIES E DATI DI NAVIGAZIONE:<\/strong><br \/>\nil Sito utilizza \u201ccookies\u201d. Utilizzando il Sito, l&#8217;utente acconsente all\u2019utilizzo dei cookies in conformit\u00e0 con questa Privacy Policy. I cookie sono piccoli file memorizzati sull\u2019hard disk del computer dell\u2019utente; un cookie consiste in un ridotto insieme di dati trasferiti al browser dell\u2019utente da un server web e pu\u00f2 essere letto unicamente dal server che ha effettuato il trasferimento. Non si tratta di codice eseguibile e non trasmette virus.Esistono due macro-categorie di cookies: cookies tecnici e cookies di profilazione.I cookies tecnici sono necessari per il corretto funzionamento di un sito web e per permettere la navigazione dell\u2019utente; senza di essi l\u2019utente potrebbe non essere in grado di visualizzare correttamente le pagine, oppure di utilizzare alcuni servizi.I cookies di profilazione hanno il compito di creare profili dell\u2019utente, al fine di inviare messaggi pubblicitari in linea con le preferenze manifestate dallo stesso durante la navigazione.Nel caso di Beppetex s.r.l., il sito web utilizza solo cookies tecnici, che consentono una fruizione sicura ed efficiente del sito web.<br \/>\nSi precisa che i cookies non registrano alcuna informazione personale e gli eventuali dati identificabili non verranno memorizzati. Se si desidera, \u00e8 possibile impedire il salvataggio di alcuni o tutti i cookies. Tuttavia, in questo caso l\u2019utilizzo del sito e dei servizi offerti potrebbe risultarne compromesso. Per procedere senza modificare le opzioni relative ai cookies \u00e8 sufficiente continuare con la navigazione.<\/p>\n<p><strong>MODALIT\u00c0 DI TRATTAMENTO DEI DATI:<\/strong><br \/>\nil presente sito web fa uso di \u201clog files\u201d nei quali vengono conservate informazioni raccolte in maniera automatizzata durante le visite degli utenti.Le informazioni raccolte potrebbero essere le seguenti:<br \/>\n&#8211; Indirizzo internet protocol (IP);<br \/>\n&#8211; Tipo di browser e parametri del dispositivo usato per connettersi al sito;<br \/>\n&#8211; Nome dell\u2019internet service provider (ISP);<br \/>\n&#8211; Data e orario di visita;<br \/>\n&#8211; Pagina web di provenienza del visitatore (referal) e di uscita;<br \/>\n&#8211; Eventualmente il numero di click.<\/p>\n<p>Le suddette informazioni sono \u201ctest rate\u201d in forma automatizzata e raccolte in forma esclusivamente aggregata, al fine di verificare il corretto funzionamento del sito e per motivi di sicurezza. Tali informazioni saranno \u201ctest rate\u201d in base ai legittimi interessi del titolare.Ai fini di sicurezza (filtri anti-spam, firewall, rilevazione virus) i dati registrati automaticamente possono eventualmente comprendere anche dati personali come l\u2019indirizzo IP, che potrebbe essere utilizzato, conformemente alle leggi vigenti in materia, a fine di bloccare tentativi di danneggiamento al sito medesimo o di recare danno ad altri utenti o attivit\u00e0 dannose o costituenti reato. Tali dati non sono mai utilizzati per l\u2019identificazione o la profilazione dell\u2019utente, ma solo ai fini di tutela del sito e dei suoi utenti, tali informazioni saranno usate in base ai legittimi interessi del titolare. I dati utilizzati ai fini di sicurezza (blocco tentativi di danneggiamento del sito) sono conservati per il tempo strettamente necessario al raggiungimento del fine anteriormente indicato.<\/p>\n<p><strong>DISABILITAZIONE DEI COOKIES:<\/strong><br \/>\nI cookies possono essere disabilitati attraverso l\u2019impostazione del browser del computer, salvo l\u2019avvertimento di cui sopra (cookies tecnici e funzionalit\u00e0 del sito web). Per ulteriori informazioni e supporto, \u00e8 consigliabile visitare la pagina di aiuto specifica del web browser che si sta utilizzando:<br \/>\n\u2022 Internet Explorer;<br \/>\n\u2022 Firefox;<br \/>\n\u2022 Safari;<br \/>\n\u2022 Chrome;<br \/>\n\u2022 Opera<\/p>\n<p><strong>DATI FORNITI DALL\u2019UTENTE:<\/strong><br \/>\nCome sopra indicato, l\u2019invio facoltativo, esplicito e volontario di posta elettronica agli indirizzi indicate su questo sito comporta la successiva acquisizione dell\u2019indirizzo del mittente, necessario per rispondere alle richieste, nonch\u00e9 degli eventuali altri dati personali inseriti nella missiva. Specifiche informative di sintesi verranno progressivamente riportate o visualizzate nelle pagine del sito predisposte per particolari servizi a richiesta.<\/p>\n<p><strong>SOCIAL NETWORK:<\/strong><br \/>\nIl presente sito incorpora bottoni per i social network, al fine di consentire una facile condivisione dei contenuti sui vostri social network preferiti. Tali bottoni sono programmati in modo da non impostare alcun cookie all\u2019accesso della pagina per salvaguardare la privacy degli utenti. Eventualmente i cookies vengono impostati, se cos\u00ec previsto dai social network solo quando l\u2019utente fa effettivo e volontario uso dei link. Si tenga presente che se l\u2019utente naviga essendo loggato nel social network allora ha gi\u00e0 acconsentito all\u2019uso dei cookies veicolati tramite questo sito al momento dell\u2019iscrizione al social network. La raccolta e l\u2019uso delle informazioni ottenute a mezzo dei link sono regolati dalle rispettive informative privacy dei social network, alle quali si prega di fare riferimento.<\/p>\n<p><strong>DIRITTI DELL\u2019UTENTE:<\/strong><br \/>\nL\u2019art. 13 co. 2 del Regolamento UE del 2016\/679 elenca i diritti dell\u2019utente.Il presente sito intende, pertanto, informare l\u2019utente sull\u2019esistenza:<br \/>\n&#8211; del diritto dell\u2019interessato di chiedere al titolare l\u2019accesso ai dati personali (art. 15 Regolamento UE), il loro aggiornamento (art. 7, co. 3, lett. a del D.lgs 196\/2003), la rettifica (art. 16 Regolamento UE), l\u2019integrazione (art. 7, co. 3 lett. a D.lgs 196\/2003), la limitazione del trattamento che lo riguardino (art. 18 Regolamento UE) o di opporsi, per motivi legittimi, al loro trattamento (art. 21 Regolamento UE), oltre al diritto alla portabilit\u00e0 dei dati (art. 20 Regolamento UE);<br \/>\n&#8211; del diritto di chiedere la cancellazione (art. 17 Regolamento UE), la trasformazione in forma anonima o il blocco dei dati trattati in violazione di legge, compresi quelli di cui non \u00e8 necessaria la conservazione in relazione agli scopi per i quali i dati sono stati raccolti o successivamente trattati (art. 7 co. 3, lett. b del D.lgs. 196\/2003);<br \/>\n&#8211; del diritto di ottenere l\u2019attestazione che le operazioni di aggiornamento, rettificazione, integrazione dei dati, cancellazione, blocco dei dati, trasformazione, sono state portate a conoscenza, anche per quanto riguarda il loro contenuto, di coloro ai quali i dati sono stati comunicati o diffusi, eccettuato il caso in cui tale adempimento si rivela impossibile o comporta un impiego di mezzi manifestamente sproporzionato rispetto al diritto tutelato (art. 7 co. 3, lett. c del D.lgs 196\/2003).<br \/>\nLe richieste possono essere indirizzate al titolare del trattamento al suo indirizzo email summenzionato (senza formalit\u00e0) oppure utilizzando il modello previsto dal Garante per la protezione dei dati personali. Qualora il trattamento sia basato sull\u2019art. 6 paragrafo 1 lettera a \u2013 consenso espresso all\u2019utilizzo \u2013 oppure sull\u2019art. 9 paragrafo 2 lettera a \u2013 consenso espresso all\u2019utilizzo di dati genetici, biometrici, relativi alla salute, che rivelino convinzioni religiose, filosofiche o appartenenza sindacale, che rivelino l\u2019origine razziale o etnica, le opinioni politiche \u2013 l\u2019utente ha il diritto di revocare il consenso in qualsiasi momento senza pregiudicare la liceit\u00e0 del trattamento basata sul consenso prestato prima della revoca.<br \/>\nParimenti, in caso di violazione della normativa, l\u2019utente ha il diritto di proporre reclamo presso il Garante per la Protezione dei Dati Personali, quale autorit\u00e0 preposta al controllo sul trattamento nello Stato italiano.<br \/>\nPer una disamina pi\u00f9 approfondita dei diritti che Le competono, si vedano gli artt. 15 e ss. Del Regolamento UE 2016\/679 e l\u2019art. 7 del D.lgs. 196\/2003.<\/p>\n<p><strong>ADEMPIMENTI<\/strong>:<br \/>\nIl titolare notifica al Garante il trattamento di dati personali cui intende procedere, solo se il trattamento riguarda:<br \/>\n&#8211; dati genetici, biometrici o dati che indicano la posizione geografica di persone od oggetti mediante una rete di comunicazione elettronica;<br \/>\n&#8211; dati idonei a rivelare lo stato di salute e la vita sessuale, trattati ai fini di procreazione assistita, prestazione di servizi sanitari per via telematica relativi a banche di dati o alla fornitura di beni, indagini epidemiologiche, rilevazione di malattie mentali, infettive e diffusive, sieropositivit\u00e0, trapianto di organi e tessuti e monitoraggio della spesa sanitaria;<br \/>\n&#8211; dati idonei a rivelare la vita sessuale o la sfera psichica, trattati da associazioni, enti ed organismi senza scopo di lucro, anche non riconosciuti, a carattere politico, filosofico, religioso o sindacale;<br \/>\n&#8211; dati trattati con l\u2019ausilio di strumenti elettronici volti a definire il profilo o la personalit\u00e0 dell\u2019interessato o ad analizzare abitudini e scelte di consumo ovvero a monitorare l\u2019utilizzo di servizi di comunicazione elettronica con esclusione dei trattamenti tecnicamente indispensabili per fornire i servizi medesimi agli utenti;<br \/>\n&#8211; dati sensibili registrati in banche di dati a fini di selezione del personale per conto terzi nonch\u00e9 dati sensibili utilizzati per sondaggi di opinione, ricerche di mercato ed altre ricerche campionarie;<br \/>\n&#8211; dati registrati in apposite banche dati gestite con strumenti elettronici e relative al rischio sulla solvibilit\u00e0 economica, alla situazione patrimoniale, al corretto adempimento di obbligazioni, a comportamenti illeciti o fraudolenti.<\/p>\n<p><strong>SICUREZZA DEI DATI FORNITI:<\/strong><br \/>\nIl presente sito tratta i dati degli utenti in maniera lecita e corretta, adottando le opportune misure di sicurezza volte ad impedire accessi non autorizzati, divulgazione, modifica o distruzione non autorizzata dei dati. Il trattamento viene effettuato mediante strumenti informatici e\/o telematici, con modalit\u00e0 organizzative e con logiche strettamente correlate alle finalit\u00e0 indicate.<br \/>\nOltre al Titolare, in alcuni casi, potrebbero avere accesso ai dati categorie di incaricati coinvolti nell\u2019organizzazione del sito (personale amministrativo, marketing, commerciale, legali, amministratori di sistema) ovvero soggetti esterni come (come fornitori di servizi tecnici terzi, corrieri postali, hosting provider, societ\u00e0 informatiche, agenzie di comunicazione).<\/p>\n<p><strong>DIRITTO DI RECLAMO:<\/strong><br \/>\nqualora ricorrano i presupposti, potranno essere esercitati i diritti previsti agli articoli 15 e seg. del Reg. UE 679\/16, contattando il Titolare del presente sito. Vi informiamo, infine, che potr\u00e0 essere proposto Reclamo all\u2019Autorit\u00e0 Garante per la protezione dei Dati Personali (ex art. 77 Reg. UE 679\/16), qualora l\u2019Utente del presente sito web ritenga che siano stati violati i propri diritti.<\/p>\n<p><strong>MODIFICHE AL PRESENTE DOCUMENTO:<\/strong><br \/>\nIl presente documento, pubblicato all\u2019indirizzo: <a href=\"https:\/\/beppetex.it\/privacy-policy\/\">https:\/\/beppetex.it\/privacy-policy\/<\/a> \u00a0costituisce la privacy policy di questo sito. Esso pu\u00f2 essere soggetto a modifiche o aggiornamenti. Qualora si tratti di modifiche e aggiornamenti rilevanti questi saranno segnalati con apposite notifiche agli utenti.<br \/>\nLe versioni precedenti del documento saranno consultabili, comunque, a questa pagina.<br \/>\nIl documento \u00e8 stato aggiornato in data 01.07.2023, per essere conforme alle disposizioni normative in materia ed in particolare al Regolamento UE n. 679\/2016 e ss.mm.<\/p>\n<\/div><\/div><\/div><\/div><\/div><\/div><\/section>\n","protected":false},"excerpt":{"rendered":"Privacy policyINFORMAZIONI CIRCA IL TRATTAMENTO DEI DATI PERSONALI DEGLI UTENTI CHE CONSULTANO IL SITO:https:\/\/www.beppetex.it\/, AI SENSI DELL\u2019ART. 13 DEL REGOLAMENTO UE N. 679\/2016. TITOLARE DEL TRATTAMENTO \u00c8: BEPPETEX S.R.L. Via Opifici Valle n. 6 20154 \u2013 Fagnano Olona (VA) E-mail: info@beppetex.it Pec: beppetexsrl@certimprese.it BASE GIURIDICA DEL TRATTAMENTO: i dati personali raccolti mediante la navigazione sul...","protected":false},"author":1,"featured_media":0,"parent":0,"menu_order":0,"comment_status":"closed","ping_status":"open","template":"","meta":{"_acf_changed":false,"footnotes":""},"class_list":["post-459","page","type-page","status-publish","hentry"],"acf":[],"yoast_head":"<!-- This site is optimized with the Yoast SEO plugin v27.4 - https:\/\/yoast.com\/product\/yoast-seo-wordpress\/ -->\n<title>Privacy Policy - Beppetex<\/title>\n<meta name=\"robots\" content=\"index, follow, max-snippet:-1, max-image-preview:large, max-video-preview:-1\" \/>\n<link rel=\"canonical\" href=\"https:\/\/www.beppetex.it\/privacy-policy\/\" \/>\n<meta property=\"og:locale\" content=\"en_US\" \/>\n<meta property=\"og:type\" content=\"article\" \/>\n<meta property=\"og:title\" content=\"Privacy Policy - Beppetex\" \/>\n<meta property=\"og:url\" content=\"https:\/\/www.beppetex.it\/privacy-policy\/\" \/>\n<meta property=\"og:site_name\" content=\"Beppetex\" \/>\n<meta property=\"article:modified_time\" content=\"2023-07-04T14:22:48+00:00\" \/>\n<meta name=\"twitter:card\" content=\"summary_large_image\" \/>\n<meta name=\"twitter:label1\" content=\"Est. reading time\" \/>\n\t<meta name=\"twitter:data1\" content=\"11 minutes\" \/>\n<script type=\"application\/ld+json\" class=\"yoast-schema-graph\">{\"@context\":\"https:\\\/\\\/schema.org\",\"@graph\":[{\"@type\":\"WebPage\",\"@id\":\"https:\\\/\\\/www.beppetex.it\\\/privacy-policy\\\/\",\"url\":\"https:\\\/\\\/www.beppetex.it\\\/privacy-policy\\\/\",\"name\":\"Privacy Policy - Beppetex\",\"isPartOf\":{\"@id\":\"https:\\\/\\\/www.beppetex.it\\\/#website\"},\"datePublished\":\"2023-07-04T13:06:18+00:00\",\"dateModified\":\"2023-07-04T14:22:48+00:00\",\"breadcrumb\":{\"@id\":\"https:\\\/\\\/www.beppetex.it\\\/privacy-policy\\\/#breadcrumb\"},\"inLanguage\":\"en-US\",\"potentialAction\":[{\"@type\":\"ReadAction\",\"target\":[\"https:\\\/\\\/www.beppetex.it\\\/privacy-policy\\\/\"]}]},{\"@type\":\"BreadcrumbList\",\"@id\":\"https:\\\/\\\/www.beppetex.it\\\/privacy-policy\\\/#breadcrumb\",\"itemListElement\":[{\"@type\":\"ListItem\",\"position\":1,\"name\":\"Home\",\"item\":\"https:\\\/\\\/www.beppetex.it\\\/en\\\/\"},{\"@type\":\"ListItem\",\"position\":2,\"name\":\"Privacy Policy\"}]},{\"@type\":\"WebSite\",\"@id\":\"https:\\\/\\\/www.beppetex.it\\\/#website\",\"url\":\"https:\\\/\\\/www.beppetex.it\\\/\",\"name\":\"Beppetex\",\"description\":\"Tessuti in fibra naturale e in mischia\",\"potentialAction\":[{\"@type\":\"SearchAction\",\"target\":{\"@type\":\"EntryPoint\",\"urlTemplate\":\"https:\\\/\\\/www.beppetex.it\\\/?s={search_term_string}\"},\"query-input\":{\"@type\":\"PropertyValueSpecification\",\"valueRequired\":true,\"valueName\":\"search_term_string\"}}],\"inLanguage\":\"en-US\"}]}<\/script>\n<!-- \/ Yoast SEO plugin. -->","yoast_head_json":{"title":"Privacy Policy - Beppetex","robots":{"index":"index","follow":"follow","max-snippet":"max-snippet:-1","max-image-preview":"max-image-preview:large","max-video-preview":"max-video-preview:-1"},"canonical":"https:\/\/www.beppetex.it\/privacy-policy\/","og_locale":"en_US","og_type":"article","og_title":"Privacy Policy - Beppetex","og_url":"https:\/\/www.beppetex.it\/privacy-policy\/","og_site_name":"Beppetex","article_modified_time":"2023-07-04T14:22:48+00:00","twitter_card":"summary_large_image","twitter_misc":{"Est. reading time":"11 minutes"},"schema":{"@context":"https:\/\/schema.org","@graph":[{"@type":"WebPage","@id":"https:\/\/www.beppetex.it\/privacy-policy\/","url":"https:\/\/www.beppetex.it\/privacy-policy\/","name":"Privacy Policy - Beppetex","isPartOf":{"@id":"https:\/\/www.beppetex.it\/#website"},"datePublished":"2023-07-04T13:06:18+00:00","dateModified":"2023-07-04T14:22:48+00:00","breadcrumb":{"@id":"https:\/\/www.beppetex.it\/privacy-policy\/#breadcrumb"},"inLanguage":"en-US","potentialAction":[{"@type":"ReadAction","target":["https:\/\/www.beppetex.it\/privacy-policy\/"]}]},{"@type":"BreadcrumbList","@id":"https:\/\/www.beppetex.it\/privacy-policy\/#breadcrumb","itemListElement":[{"@type":"ListItem","position":1,"name":"Home","item":"https:\/\/www.beppetex.it\/en\/"},{"@type":"ListItem","position":2,"name":"Privacy Policy"}]},{"@type":"WebSite","@id":"https:\/\/www.beppetex.it\/#website","url":"https:\/\/www.beppetex.it\/","name":"Beppetex","description":"Tessuti in fibra naturale e in mischia","potentialAction":[{"@type":"SearchAction","target":{"@type":"EntryPoint","urlTemplate":"https:\/\/www.beppetex.it\/?s={search_term_string}"},"query-input":{"@type":"PropertyValueSpecification","valueRequired":true,"valueName":"search_term_string"}}],"inLanguage":"en-US"}]}},"_links":{"self":[{"href":"https:\/\/www.beppetex.it\/en\/wp-json\/wp\/v2\/pages\/459","targetHints":{"allow":["GET"]}}],"collection":[{"href":"https:\/\/www.beppetex.it\/en\/wp-json\/wp\/v2\/pages"}],"about":[{"href":"https:\/\/www.beppetex.it\/en\/wp-json\/wp\/v2\/types\/page"}],"author":[{"embeddable":true,"href":"https:\/\/www.beppetex.it\/en\/wp-json\/wp\/v2\/users\/1"}],"replies":[{"embeddable":true,"href":"https:\/\/www.beppetex.it\/en\/wp-json\/wp\/v2\/comments?post=459"}],"version-history":[{"count":1,"href":"https:\/\/www.beppetex.it\/en\/wp-json\/wp\/v2\/pages\/459\/revisions"}],"predecessor-version":[{"id":465,"href":"https:\/\/www.beppetex.it\/en\/wp-json\/wp\/v2\/pages\/459\/revisions\/465"}],"wp:attachment":[{"href":"https:\/\/www.beppetex.it\/en\/wp-json\/wp\/v2\/media?parent=459"}],"curies":[{"name":"wp","href":"https:\/\/api.w.org\/{rel}","templated":true}]}}